{"id":7,"date":"2016-12-01T13:34:55","date_gmt":"2016-12-01T10:34:55","guid":{"rendered":"https:\/\/jazepovapak.ee\/?page_id=7"},"modified":"2026-03-21T16:36:14","modified_gmt":"2026-03-21T14:36:14","slug":"esileht","status":"publish","type":"page","link":"https:\/\/jazepovapak.ee\/et\/","title":{"rendered":"Esileht"},"content":{"rendered":"<div class=\"wp-block-buttons is-content-justification-center is-layout-flex wp-container-core-buttons-is-layout-16018d1d wp-block-buttons-is-layout-flex\">\n<div class=\"wp-block-button\"><a class=\"wp-block-button__link wp-element-button\" href=\"http:\/\/www.perearst24.ee\"><em>Perearst24<\/em><\/a><\/div>\n<\/div>\n\n\n<p>Perearst Ljudmila Jazepova osutab perearstiabi Tallinnas Lasnam\u00e4e piirkonnas. Arst v\u00f5tab vastu aadressil Punane 14a, Idakeskuse B\u00fcroohoones 3. korrusel.<\/p>\n<p>Lahtioleku ajad:<br \/>\nEsmasp\u00e4ev 10:00-18:00<br \/>\nTeisip\u00e4ev, Kolmap\u00e4ev, Neljap\u00e4ev, Reede 08:00-16:00<br \/>\nNB! Teisip\u00e4eviti on tervete imikute vastuv\u00f5tt. Palve t\u00e4iskasvanutele: \u00e4rge tulge segama laste vastuv\u00f5ttu!<\/p>\n<p>Infot vastuv\u00f5tuaegade ja vabade kohtade osas nimistus saate registratuuri telefonil: 6014709 v\u00f5i info@jazepovapak.ee.<\/p>\n<p>Kordusretsepte saab tellida tel. 6014709 v\u00f5i\u00a0<a href=\"http:\/\/www.perearst24.ee\">http:\/\/www.perearst24.ee<\/a> kaudu.<\/p>\n<p>Koduvisiidid v\u00f5etakse vastu kuni kella 12:00.NB! Koduvisiite tehakse ainult perearsti nimistu piirkonnas. Koduvisiite teeme reeglina p\u00e4rast vastuv\u00f5tu l\u00f5ppemist v\u00f5i kokkulepel.<br \/>\nKoduvisiidi maksumus on 5,00 \u20ac, alla 2-aastastele lastele ja rasedatele on koduvisiit tasuta.<\/p>\n<p><strong>PATSIENDILE<\/strong><br \/>\nT\u00f6\u00f6p\u00e4eva v\u00e4lisel ajal, n\u00e4dalavahetustel ning riigip\u00fchadel terviseprobleemide tekkimisel palume:<\/p>\n<p>1220 \u2013 Perearsti n\u00f5uandetelefon: 24 tundi \u00f6\u00f6p\u00e4evas, eesti ja vene keeles,1220 on lauatelefonilt helistades esimesed 5 minutit helistajale tasuta, edasi kehtib kohaliku k\u00f5ne hind. Mobiiltelefonilt helistades kehtib kohe helistamise algusest paketip\u00f5hine telefoniminuti hind.<br \/>\n1599 \u2013 Lastehaigla tasuline n\u00f5uandetelefon, iga p\u00e4ev 8.00 \u2013 24.00<br \/>\nIda-Tallinna Keskhaigla (Ravi 18) erakorralise meditsiini osakond \u2013 avatud 24 tundi, infotelefon 666 1900<br \/>\nL\u00e4\u00e4ne-Tallinna Keskhaigla (Paldiski mnt 68, Meremeeste haigla) erakorralise meditsiini osakond \u2013 avatud 24 tundi, infotelefon 626 1314<br \/>\nP\u00f5hja-Eesti Regionaalhaigla (S\u00fctiste tee 19) erakorralise meditsiini keskus \u2013 avatud 24 tundi<br \/>\nPERH Ps\u00fchhiaatriakliinik (Paldiski mnt. 56) \u2013 valvetuba on avatud 24 tundi, valvetoa telefon 617 2650<br \/>\nWismari Haigla valvetuba on avatud 24 tundi, info tel 6621093<br \/>\nTallinna Lastehaigla (Tervise 27) erakorralise meditsiini osakond teenindab alla 18a vanuseid patsient- avatud 24 tundi<\/p>","protected":false},"excerpt":{"rendered":"<p>Perearst Ljudmila Jazepova osutab perearstiabi Tallinnas Lasnam\u00e4e piirkonnas. Arst v\u00f5tab vastu aadressil Punane 14a, Idakeskuse B\u00fcroohoones 3. korrusel. Lahtioleku ajad: Esmasp\u00e4ev 10:00-18:00 Teisip\u00e4ev, Kolmap\u00e4ev, Neljap\u00e4ev, Reede 08:00-16:00 NB! Teisip\u00e4eviti on tervete imikute vastuv\u00f5tt. Palve t\u00e4iskasvanutele: \u00e4rge tulge segama laste vastuv\u00f5ttu! Infot vastuv\u00f5tuaegade ja vabade kohtade osas nimistus saate registratuuri telefonil: 6014709 v\u00f5i info@jazepovapak.ee. Kordusretsepte saab [&hellip;]<\/p>\n","protected":false},"author":1,"featured_media":0,"parent":0,"menu_order":0,"comment_status":"closed","ping_status":"closed","template":"","meta":{"footnotes":""},"class_list":["post-7","page","type-page","status-publish","hentry"],"_links":{"self":[{"href":"https:\/\/jazepovapak.ee\/et\/wp-json\/wp\/v2\/pages\/7","targetHints":{"allow":["GET"]}}],"collection":[{"href":"https:\/\/jazepovapak.ee\/et\/wp-json\/wp\/v2\/pages"}],"about":[{"href":"https:\/\/jazepovapak.ee\/et\/wp-json\/wp\/v2\/types\/page"}],"author":[{"embeddable":true,"href":"https:\/\/jazepovapak.ee\/et\/wp-json\/wp\/v2\/users\/1"}],"replies":[{"embeddable":true,"href":"https:\/\/jazepovapak.ee\/et\/wp-json\/wp\/v2\/comments?post=7"}],"version-history":[{"count":23,"href":"https:\/\/jazepovapak.ee\/et\/wp-json\/wp\/v2\/pages\/7\/revisions"}],"predecessor-version":[{"id":713,"href":"https:\/\/jazepovapak.ee\/et\/wp-json\/wp\/v2\/pages\/7\/revisions\/713"}],"wp:attachment":[{"href":"https:\/\/jazepovapak.ee\/et\/wp-json\/wp\/v2\/media?parent=7"}],"curies":[{"name":"wp","href":"https:\/\/api.w.org\/{rel}","templated":true}]}}