{"id":40,"date":"2016-12-01T15:46:21","date_gmt":"2016-12-01T12:46:21","guid":{"rendered":"https:\/\/jazepovapak.ee\/?page_id=40"},"modified":"2025-04-29T17:28:16","modified_gmt":"2025-04-29T15:28:16","slug":"personaal","status":"publish","type":"page","link":"https:\/\/jazepovapak.ee\/et\/personaal\/","title":{"rendered":"Personal"},"content":{"rendered":"<p><strong>Perearst dr.Ljudmila Jazepova<\/strong><br \/>\nTel. +372 601 4709<br \/>\nVastuv\u00f5tt:<br \/>\nEsmasp\u00e4ev 14:00-18:00<br \/>\nTeisip\u00e4ev, Kolmap\u00e4ev, Neljap\u00e4ev, Reede 08:30-12:30<\/p>\n<p><strong>Pere\u00f5de Viktoria Gaponenko<\/strong><br \/>\nTel. +372 601 4709<br \/>\nVastuv\u00f5tt:<br \/>\nEsmasp\u00e4ev 14:00-18:00<br \/>\nTeisip\u00e4ev, Kolmap\u00e4ev, Neljap\u00e4ev, Reede 08:30-12:30<\/p>\n<p><strong>Pere\u00f5de Jelena Filippova<\/strong><br \/>\nTel.6014709<br \/>\nVastuv\u00f5tt:<br \/>\nEsmasp\u00e4ev 14:00-18:00<br \/>\nTeisip\u00e4ev, Kolmap\u00e4ev, Neljap\u00e4ev, Reede 08:30-12:30<\/p>\n<p>Meie keskuses t\u00f6\u00f6tab pediaater-konsultant <strong>Larissa Kramarenko<\/strong> , info ja registratsioon telefoni teel 6014709.<\/p>\n<p>Infot vastuv\u00f5tuaegade ja vabade kohtade osas  nimistus saate  telefonil: 6014709 v\u00f5i perearst24.ee .<\/p>","protected":false},"excerpt":{"rendered":"<p>Perearst dr.Ljudmila Jazepova Tel. +372 601 4709 Vastuv\u00f5tt: Esmasp\u00e4ev 14:00-18:00 Teisip\u00e4ev, Kolmap\u00e4ev, Neljap\u00e4ev, Reede 08:30-12:30 Pere\u00f5de Viktoria Gaponenko Tel. +372 601 4709 Vastuv\u00f5tt: Esmasp\u00e4ev 14:00-18:00 Teisip\u00e4ev, Kolmap\u00e4ev, Neljap\u00e4ev, Reede 08:30-12:30 Pere\u00f5de Jelena Filippova Tel.6014709 Vastuv\u00f5tt: Esmasp\u00e4ev 14:00-18:00 Teisip\u00e4ev, Kolmap\u00e4ev, Neljap\u00e4ev, Reede 08:30-12:30 Meie keskuses t\u00f6\u00f6tab pediaater-konsultant Larissa Kramarenko , info ja registratsioon telefoni teel 6014709. [&hellip;]<\/p>\n","protected":false},"author":1,"featured_media":0,"parent":0,"menu_order":0,"comment_status":"closed","ping_status":"closed","template":"","meta":{"footnotes":""},"class_list":["post-40","page","type-page","status-publish","hentry"],"_links":{"self":[{"href":"https:\/\/jazepovapak.ee\/et\/wp-json\/wp\/v2\/pages\/40","targetHints":{"allow":["GET"]}}],"collection":[{"href":"https:\/\/jazepovapak.ee\/et\/wp-json\/wp\/v2\/pages"}],"about":[{"href":"https:\/\/jazepovapak.ee\/et\/wp-json\/wp\/v2\/types\/page"}],"author":[{"embeddable":true,"href":"https:\/\/jazepovapak.ee\/et\/wp-json\/wp\/v2\/users\/1"}],"replies":[{"embeddable":true,"href":"https:\/\/jazepovapak.ee\/et\/wp-json\/wp\/v2\/comments?post=40"}],"version-history":[{"count":20,"href":"https:\/\/jazepovapak.ee\/et\/wp-json\/wp\/v2\/pages\/40\/revisions"}],"predecessor-version":[{"id":645,"href":"https:\/\/jazepovapak.ee\/et\/wp-json\/wp\/v2\/pages\/40\/revisions\/645"}],"wp:attachment":[{"href":"https:\/\/jazepovapak.ee\/et\/wp-json\/wp\/v2\/media?parent=40"}],"curies":[{"name":"wp","href":"https:\/\/api.w.org\/{rel}","templated":true}]}}