{"id":17,"date":"2016-12-01T13:37:30","date_gmt":"2016-12-01T10:37:30","guid":{"rendered":"https:\/\/jazepovapak.ee\/?page_id=17"},"modified":"2026-03-12T17:25:35","modified_gmt":"2026-03-12T15:25:35","slug":"hinnakiri","status":"publish","type":"page","link":"https:\/\/jazepovapak.ee\/et\/hinnakiri\/","title":{"rendered":"Hinnakiri"},"content":{"rendered":"<p><strong>Tasulised teenused<\/strong><\/p>\n<p><em>Nimetus &#8211; Hind (\u20ac)<\/em><\/p>\n<p>Alates 10.03.2026<\/p>\n<p>Koduvisiit &#8211; 5,00 \u20ac , alla 2-aastastele lastele ja rasedatele on koduvisiit tasuta.<\/p>\n<p>Kindlustamata isiku arsti vastuv\u00f5tt &#8211; 55,00 \u20ac<\/p>\n<p>Kindlustamata isiku korduv vastuv\u00f5tt &#8211; 45,00 \u20ac<\/p>\n<p>Kindlustamata isiku arsti koduvisiit &#8211; 55,00 \u20ac<\/p>\n<p>Kindlustamata isiku pere\u00f5e vastuv\u00f5tt &#8211; 45,00 \u20ac<\/p>\n<p>Retsepti v\u00e4ljastamine kindlustamata isikule &#8211; 20,00 \u20ac, kui rohkem siis 25,00 \u20ac<\/p>\n<p>Autojuhilubade (A, B kategooria) arstit\u00f5end &#8211; 50,00 \u20ac<br \/>\n(eelnevalt vajalik t\u00e4ita e-tervises tervisedeklaratsioon \u2013 www.terviseportaal.ee).<\/p>\n<p>Autojuhilubade (C kategooria) arstit\u00f5end &#8211; 50,00 \u20ac<br \/>\n(eelnevalt vajalik t\u00e4ita e-tervises tervisedeklaratsioon \u2013 www.terviseportaal.ee).<\/p>\n<p>Tervisedeklaratsiooni t\u00e4itmine &#8211; 10,00 \u20ac<\/p>\n<p>Arstit\u00f5end relvaloa taotlemiseks &#8211; 50,00 \u20ac<\/p>\n<p>Terviset\u00f5end t\u00f6\u00f6le (ilma r\u00f6ntgenita) &#8211; 20,00 \u20ac<\/p>\n<p>Terviset\u00f5end t\u00f6\u00f6le (sisaldab kopsur\u00f6ntgenit) &#8211; 45,00 \u20ac<\/p>\n<p>Terviset\u00f5end t\u00f6\u00f6le (bakteriaalsed k\u00fclvid) &#8211; 80,00 \u20ac<\/p>\n<p>Terviset\u00f5nd p\u00f5llumajandusloomade ja loomsete saadustega (bakteriaalsed k\u00fclvid + kopsur\u00f6ntgen) &#8211; 95,00 \u20ac<\/p>\n<p>Kehtiva terviset\u00f5endi dublikaadi v\u00e4ljastamine &#8211; 10,00 \u20ac<\/p>\n<p>T\u00f5end patsiendi n\u00f5udmisel &#8211; 20,00 \u20ac<\/p>\n<p>V\u00f5\u00f5rkeelne t\u00f5end (\u00f5ppima, t\u00f6\u00f6le minekuks jne.) &#8211; 30,00 \u20ac<\/p>\n<p>Puugivaktsiin t\u00e4iskasvanutele v\u00f5i lapsele &#8211; 40,00 \u20ac<\/p>\n<p>R\u00f6ntgenpiltide ja teiste raviasutuste dokumentide printimine patsiendi soovil &#8211; 10,00 \u20ac<\/p>","protected":false},"excerpt":{"rendered":"<p>Tasulised teenused Nimetus &#8211; Hind (\u20ac) Alates 10.03.2026 Koduvisiit &#8211; 5,00 \u20ac , alla 2-aastastele lastele ja rasedatele on koduvisiit tasuta. Kindlustamata isiku arsti vastuv\u00f5tt &#8211; 55,00 \u20ac Kindlustamata isiku korduv vastuv\u00f5tt &#8211; 45,00 \u20ac Kindlustamata isiku arsti koduvisiit &#8211; 55,00 \u20ac Kindlustamata isiku pere\u00f5e vastuv\u00f5tt &#8211; 45,00 \u20ac Retsepti v\u00e4ljastamine kindlustamata isikule &#8211; 20,00 [&hellip;]<\/p>\n","protected":false},"author":1,"featured_media":0,"parent":0,"menu_order":0,"comment_status":"closed","ping_status":"closed","template":"","meta":{"footnotes":""},"class_list":["post-17","page","type-page","status-publish","hentry"],"_links":{"self":[{"href":"https:\/\/jazepovapak.ee\/et\/wp-json\/wp\/v2\/pages\/17","targetHints":{"allow":["GET"]}}],"collection":[{"href":"https:\/\/jazepovapak.ee\/et\/wp-json\/wp\/v2\/pages"}],"about":[{"href":"https:\/\/jazepovapak.ee\/et\/wp-json\/wp\/v2\/types\/page"}],"author":[{"embeddable":true,"href":"https:\/\/jazepovapak.ee\/et\/wp-json\/wp\/v2\/users\/1"}],"replies":[{"embeddable":true,"href":"https:\/\/jazepovapak.ee\/et\/wp-json\/wp\/v2\/comments?post=17"}],"version-history":[{"count":36,"href":"https:\/\/jazepovapak.ee\/et\/wp-json\/wp\/v2\/pages\/17\/revisions"}],"predecessor-version":[{"id":702,"href":"https:\/\/jazepovapak.ee\/et\/wp-json\/wp\/v2\/pages\/17\/revisions\/702"}],"wp:attachment":[{"href":"https:\/\/jazepovapak.ee\/et\/wp-json\/wp\/v2\/media?parent=17"}],"curies":[{"name":"wp","href":"https:\/\/api.w.org\/{rel}","templated":true}]}}