{"id":15,"date":"2016-12-01T13:37:12","date_gmt":"2016-12-01T10:37:12","guid":{"rendered":"https:\/\/jazepovapak.ee\/?page_id=15"},"modified":"2019-06-20T23:49:36","modified_gmt":"2019-06-20T21:49:36","slug":"teenused","status":"publish","type":"page","link":"https:\/\/jazepovapak.ee\/et\/teenused\/","title":{"rendered":"Tagasiside"},"content":{"rendered":"<p><strong>Lgp. perearstikeskuse k\u00fclastaja!<\/strong><br \/>\nPerearstikeskuse t\u00f6\u00f6tajate eesm\u00e4rk on pakkuda teile v\u00f5imalikult head arstiabi ja teenindust.<br \/>\nTeie arvamus on meile v\u00e4ga oluline! Palume Teilt tagasisidet nii selle kohta, millega olete rahul kui ka selle kohta, mida saaksime parandada.<\/p>\n<p>Tagasiside andmiseks palun t\u00e4itke allj\u00e4rgnev ankeet<br \/>\n\n<div class=\"wpcf7 no-js\" id=\"wpcf7-f73-o1\" lang=\"ru-RU\" dir=\"ltr\" data-wpcf7-id=\"73\">\n<div class=\"screen-reader-response\"><p role=\"status\" aria-live=\"polite\" aria-atomic=\"true\"><\/p> <ul><\/ul><\/div>\n<form action=\"\/et\/wp-json\/wp\/v2\/pages\/15#wpcf7-f73-o1\" method=\"post\" class=\"wpcf7-form init\" aria-label=\"\u041a\u043e\u043d\u0442\u0430\u043a\u0442\u043d\u0430\u044f \u0444\u043e\u0440\u043c\u0430\" novalidate=\"novalidate\" data-status=\"init\">\n<fieldset class=\"hidden-fields-container\"><input type=\"hidden\" name=\"_wpcf7\" value=\"73\" \/><input type=\"hidden\" name=\"_wpcf7_version\" value=\"6.1.4\" \/><input type=\"hidden\" name=\"_wpcf7_locale\" value=\"ru_RU\" \/><input type=\"hidden\" name=\"_wpcf7_unit_tag\" value=\"wpcf7-f73-o1\" \/><input type=\"hidden\" name=\"_wpcf7_container_post\" value=\"0\" \/><input type=\"hidden\" name=\"_wpcf7_posted_data_hash\" value=\"\" \/>\n<\/fieldset>\n<p><label> 1. Teie vanus * <span class=\"wpcf7-form-control-wrap\" data-name=\"your-age\"><input size=\"40\" maxlength=\"400\" class=\"wpcf7-form-control wpcf7-text wpcf7-validates-as-required\" aria-required=\"true\" aria-invalid=\"false\" value=\"\" type=\"text\" name=\"your-age\" \/><\/span><\/label>\n<\/p>\n<p><label> 2. Sugu *<br \/>\n<span class=\"wpcf7-form-control-wrap\" data-name=\"sex\"><span class=\"wpcf7-form-control wpcf7-checkbox wpcf7-validates-as-required wpcf7-exclusive-checkbox\"><span class=\"wpcf7-list-item first\"><input type=\"checkbox\" name=\"sex\" value=\"mees\" \/><span class=\"wpcf7-list-item-label\">mees<\/span><\/span><span class=\"wpcf7-list-item last\"><input type=\"checkbox\" name=\"sex\" value=\"naine\" \/><span class=\"wpcf7-list-item-label\">naine<\/span><\/span><\/span><\/span><\/label>\n<\/p>\n<p><label> 3. Elukoht<br \/>\n<span class=\"wpcf7-form-control-wrap\" data-name=\"Elukoht\"><span class=\"wpcf7-form-control wpcf7-checkbox wpcf7-validates-as-required wpcf7-exclusive-checkbox\"><span class=\"wpcf7-list-item first\"><input type=\"checkbox\" name=\"Elukoht\" value=\"linnas\" \/><span class=\"wpcf7-list-item-label\">linnas<\/span><\/span><span class=\"wpcf7-list-item last\"><input type=\"checkbox\" name=\"Elukoht\" value=\"maal\" \/><span class=\"wpcf7-list-item-label\">maal<\/span><\/span><\/span><\/span><\/label>\n<\/p>\n<p><label>4. Kas perearstipraksis asub teie jaoks kergesti ligip\u00e4\u00e4setavas kohas?<br \/>\n<span class=\"wpcf7-form-control-wrap\" data-name=\"checkbox-233\"><span class=\"wpcf7-form-control wpcf7-checkbox wpcf7-validates-as-required wpcf7-exclusive-checkbox\"><span class=\"wpcf7-list-item first\"><input type=\"checkbox\" name=\"checkbox-233\" value=\"jah, ligip\u00e4\u00e4s on kerge\" \/><span class=\"wpcf7-list-item-label\">jah, ligip\u00e4\u00e4s on kerge<\/span><\/span><span class=\"wpcf7-list-item\"><input type=\"checkbox\" name=\"checkbox-233\" value=\"ligip\u00e4\u00e4s on suhteliselt kerge\" \/><span class=\"wpcf7-list-item-label\">ligip\u00e4\u00e4s on suhteliselt kerge<\/span><\/span><span class=\"wpcf7-list-item\"><input type=\"checkbox\" name=\"checkbox-233\" value=\"ligip\u00e4\u00e4s on raskendatud\" \/><span class=\"wpcf7-list-item-label\">ligip\u00e4\u00e4s on raskendatud<\/span><\/span><span class=\"wpcf7-list-item last\"><input type=\"checkbox\" name=\"checkbox-233\" value=\"ligip\u00e4\u00e4s pole v\u00f5imalik\" \/><span class=\"wpcf7-list-item-label\">ligip\u00e4\u00e4s pole v\u00f5imalik<\/span><\/span><\/span><\/span><\/label>\n<\/p>\n<p><label> 5. Kas registreerimisel k\u00fcsiti teie k\u00e4est registreerumise p\u00f5hjust? *<br \/>\n<span class=\"wpcf7-form-control-wrap\" data-name=\"checkbox-659\"><span class=\"wpcf7-form-control wpcf7-checkbox wpcf7-validates-as-required wpcf7-exclusive-checkbox\"><span class=\"wpcf7-list-item first\"><input type=\"checkbox\" name=\"checkbox-659\" value=\"jah\" \/><span class=\"wpcf7-list-item-label\">jah<\/span><\/span><span class=\"wpcf7-list-item last\"><input type=\"checkbox\" name=\"checkbox-659\" value=\"ei\" \/><span class=\"wpcf7-list-item-label\">ei<\/span><\/span><\/span><\/span><\/label>\n<\/p>\n<p><label>6. Kas olete teadlik telefonin\u00f5ustamise (e-posti konsultatsiooni) v\u00f5imalustest? *<br \/>\n<span class=\"wpcf7-form-control-wrap\" data-name=\"checkbox-830\"><span class=\"wpcf7-form-control wpcf7-checkbox wpcf7-validates-as-required wpcf7-exclusive-checkbox\"><span class=\"wpcf7-list-item first\"><input type=\"checkbox\" name=\"checkbox-830\" value=\"jah\" \/><span class=\"wpcf7-list-item-label\">jah<\/span><\/span><span class=\"wpcf7-list-item last\"><input type=\"checkbox\" name=\"checkbox-830\" value=\"ei\" \/><span class=\"wpcf7-list-item-label\">ei<\/span><\/span><\/span><\/span><\/label>\n<\/p>\n<p><label>7. Kas olete teadlik koduvisiitide tegemise korraldusest praksises? *<br \/>\n<span class=\"wpcf7-form-control-wrap\" data-name=\"checkbox-9871\"><span class=\"wpcf7-form-control wpcf7-checkbox wpcf7-validates-as-required wpcf7-exclusive-checkbox\"><span class=\"wpcf7-list-item first\"><input type=\"checkbox\" name=\"checkbox-9871\" value=\"jah\" \/><span class=\"wpcf7-list-item-label\">jah<\/span><\/span><span class=\"wpcf7-list-item last\"><input type=\"checkbox\" name=\"checkbox-9871\" value=\"ei\" \/><span class=\"wpcf7-list-item-label\">ei<\/span><\/span><\/span><\/span><\/label>\n<\/p>\n<p><label>8. Kas olete teadlik praksises pakutavate tasuliste teenuste olemasolust? *<br \/>\n<span class=\"wpcf7-form-control-wrap\" data-name=\"checkbox-987\"><span class=\"wpcf7-form-control wpcf7-checkbox wpcf7-validates-as-required wpcf7-exclusive-checkbox\"><span class=\"wpcf7-list-item first\"><input type=\"checkbox\" name=\"checkbox-987\" value=\"jah\" \/><span class=\"wpcf7-list-item-label\">jah<\/span><\/span><span class=\"wpcf7-list-item\"><input type=\"checkbox\" name=\"checkbox-987\" value=\"\u00fcldiselt olen\" \/><span class=\"wpcf7-list-item-label\">\u00fcldiselt olen<\/span><\/span><span class=\"wpcf7-list-item last\"><input type=\"checkbox\" name=\"checkbox-987\" value=\"ei\" \/><span class=\"wpcf7-list-item-label\">ei<\/span><\/span><\/span><\/span><\/label>\n<\/p>\n<p><label>9. Kas olete tundnud end mingil p\u00f5hjusel (rass, sugu, vanus, usuline kuuluvus vm) diskrimineerituna praksise personaliga suheldes? *<br \/>\n<span class=\"wpcf7-form-control-wrap\" data-name=\"checkbox-963\"><span class=\"wpcf7-form-control wpcf7-checkbox wpcf7-validates-as-required wpcf7-exclusive-checkbox\"><span class=\"wpcf7-list-item first\"><input type=\"checkbox\" name=\"checkbox-963\" value=\"jah\" \/><span class=\"wpcf7-list-item-label\">jah<\/span><\/span><span class=\"wpcf7-list-item last\"><input type=\"checkbox\" name=\"checkbox-963\" value=\"ei\" \/><span class=\"wpcf7-list-item-label\">ei<\/span><\/span><\/span><\/span><\/label>\n<\/p>\n<p><label>10. Kas teid on praksises koheldud lugupidavalt ja austusv\u00e4\u00e4rselt? *<br \/>\n<span class=\"wpcf7-form-control-wrap\" data-name=\"checkbox-9633\"><span class=\"wpcf7-form-control wpcf7-checkbox wpcf7-validates-as-required wpcf7-exclusive-checkbox\"><span class=\"wpcf7-list-item first\"><input type=\"checkbox\" name=\"checkbox-9633\" value=\"jah, alati\" \/><span class=\"wpcf7-list-item-label\">jah, alati<\/span><\/span><span class=\"wpcf7-list-item\"><input type=\"checkbox\" name=\"checkbox-9633\" value=\"jah, enamasti\" \/><span class=\"wpcf7-list-item-label\">jah, enamasti<\/span><\/span><span class=\"wpcf7-list-item\"><input type=\"checkbox\" name=\"checkbox-9633\" value=\"ei, enamasti mitte\" \/><span class=\"wpcf7-list-item-label\">ei, enamasti mitte<\/span><\/span><span class=\"wpcf7-list-item last\"><input type=\"checkbox\" name=\"checkbox-9633\" value=\"ei, mitte kunagi\" \/><span class=\"wpcf7-list-item-label\">ei, mitte kunagi<\/span><\/span><\/span><\/span><\/label>\n<\/p>\n<p><label>11. Kas kolmanda isiku viibimiseks vastuv\u00f5tu juures (\u00fcli\u00f5pilased jne) on teie k\u00e4est enne vastuv\u00f5tu algust k\u00fcsitud selleks n\u00f5usolekut? *<br \/>\n<span class=\"wpcf7-form-control-wrap\" data-name=\"checkbox-9634\"><span class=\"wpcf7-form-control wpcf7-checkbox wpcf7-validates-as-required wpcf7-exclusive-checkbox\"><span class=\"wpcf7-list-item first\"><input type=\"checkbox\" name=\"checkbox-9634\" value=\"jah, alati\" \/><span class=\"wpcf7-list-item-label\">jah, alati<\/span><\/span><span class=\"wpcf7-list-item\"><input type=\"checkbox\" name=\"checkbox-9634\" value=\"jah, enamasti\" \/><span class=\"wpcf7-list-item-label\">jah, enamasti<\/span><\/span><span class=\"wpcf7-list-item\"><input type=\"checkbox\" name=\"checkbox-9634\" value=\"ei, enamasti mitte\" \/><span class=\"wpcf7-list-item-label\">ei, enamasti mitte<\/span><\/span><span class=\"wpcf7-list-item last\"><input type=\"checkbox\" name=\"checkbox-9634\" value=\"ei, mitte kunagi\" \/><span class=\"wpcf7-list-item-label\">ei, mitte kunagi<\/span><\/span><\/span><\/span><\/label>\n<\/p>\n<p><label>12. Kas olete k\u00fclastanud praksise kodulehte? *<br \/>\n<span class=\"wpcf7-form-control-wrap\" data-name=\"checkbox-9635\"><span class=\"wpcf7-form-control wpcf7-checkbox wpcf7-validates-as-required wpcf7-exclusive-checkbox\"><span class=\"wpcf7-list-item first\"><input type=\"checkbox\" name=\"checkbox-9635\" value=\"jah\" \/><span class=\"wpcf7-list-item-label\">jah<\/span><\/span><span class=\"wpcf7-list-item last\"><input type=\"checkbox\" name=\"checkbox-9635\" value=\"ei\" \/><span class=\"wpcf7-list-item-label\">ei<\/span><\/span><\/span><\/span><\/label>\n<\/p>\n<p><label>13. Kas olete rahul oma perearstikeskuse ruumidega? *<br \/>\n<span class=\"wpcf7-form-control-wrap\" data-name=\"checkbox-9636\"><span class=\"wpcf7-form-control wpcf7-checkbox wpcf7-validates-as-required wpcf7-exclusive-checkbox\"><span class=\"wpcf7-list-item first\"><input type=\"checkbox\" name=\"checkbox-9636\" value=\"jah, t\u00e4iesti rahul\" \/><span class=\"wpcf7-list-item-label\">jah, t\u00e4iesti rahul<\/span><\/span><span class=\"wpcf7-list-item\"><input type=\"checkbox\" name=\"checkbox-9636\" value=\"enam-v\u00e4hem rahul\" \/><span class=\"wpcf7-list-item-label\">enam-v\u00e4hem rahul<\/span><\/span><span class=\"wpcf7-list-item last\"><input type=\"checkbox\" name=\"checkbox-9636\" value=\"pole \u00fcldse rahul\" \/><span class=\"wpcf7-list-item-label\">pole \u00fcldse rahul<\/span><\/span><\/span><\/span><\/label>\n<\/p>\n<p><label>14. Kas vastuv\u00f5ttudel on teile pakutud piisavalt arusaadavat infot teie tervise, uuringute ja ravi osas? *<br \/>\n<span class=\"wpcf7-form-control-wrap\" data-name=\"checkbox-239\"><span class=\"wpcf7-form-control wpcf7-checkbox wpcf7-validates-as-required wpcf7-exclusive-checkbox\"><span class=\"wpcf7-list-item first\"><input type=\"checkbox\" name=\"checkbox-239\" value=\"jah, alati\" \/><span class=\"wpcf7-list-item-label\">jah, alati<\/span><\/span><span class=\"wpcf7-list-item\"><input type=\"checkbox\" name=\"checkbox-239\" value=\"jah, enamasti\" \/><span class=\"wpcf7-list-item-label\">jah, enamasti<\/span><\/span><span class=\"wpcf7-list-item\"><input type=\"checkbox\" name=\"checkbox-239\" value=\"vahetevahel\" \/><span class=\"wpcf7-list-item-label\">vahetevahel<\/span><\/span><span class=\"wpcf7-list-item\"><input type=\"checkbox\" name=\"checkbox-239\" value=\"enamasti mitte\" \/><span class=\"wpcf7-list-item-label\">enamasti mitte<\/span><\/span><span class=\"wpcf7-list-item last\"><input type=\"checkbox\" name=\"checkbox-239\" value=\"mitte kunagi\" \/><span class=\"wpcf7-list-item-label\">mitte kunagi<\/span><\/span><\/span><\/span><\/label>\n<\/p>\n<p><label>15. Kas olete vastuv\u00f5ttudel saanud tervist edendavat infot piisavalt?*<br \/>\n<span class=\"wpcf7-form-control-wrap\" data-name=\"checkbox-2391\"><span class=\"wpcf7-form-control wpcf7-checkbox wpcf7-validates-as-required wpcf7-exclusive-checkbox\"><span class=\"wpcf7-list-item first\"><input type=\"checkbox\" name=\"checkbox-2391\" value=\"jah, alati\" \/><span class=\"wpcf7-list-item-label\">jah, alati<\/span><\/span><span class=\"wpcf7-list-item\"><input type=\"checkbox\" name=\"checkbox-2391\" value=\"jah, enamasti\" \/><span class=\"wpcf7-list-item-label\">jah, enamasti<\/span><\/span><span class=\"wpcf7-list-item\"><input type=\"checkbox\" name=\"checkbox-2391\" value=\"vahetevahel\" \/><span class=\"wpcf7-list-item-label\">vahetevahel<\/span><\/span><span class=\"wpcf7-list-item\"><input type=\"checkbox\" name=\"checkbox-2391\" value=\"enamasti mitte\" \/><span class=\"wpcf7-list-item-label\">enamasti mitte<\/span><\/span><span class=\"wpcf7-list-item last\"><input type=\"checkbox\" name=\"checkbox-2391\" value=\"mitte kunagi\" \/><span class=\"wpcf7-list-item-label\">mitte kunagi<\/span><\/span><\/span><\/span><\/label>\n<\/p>\n<p>16. Kas tahaksite perearstikeskuse t\u00f6\u00f6s midagi muuta? *<br \/>\n<span class=\"wpcf7-form-control-wrap\" data-name=\"checkbox-2392\"><span class=\"wpcf7-form-control wpcf7-checkbox wpcf7-validates-as-required wpcf7-exclusive-checkbox\"><span class=\"wpcf7-list-item first\"><input type=\"checkbox\" name=\"checkbox-2392\" value=\"jah\" \/><span class=\"wpcf7-list-item-label\">jah<\/span><\/span><span class=\"wpcf7-list-item last\"><input type=\"checkbox\" name=\"checkbox-2392\" value=\"ei\" \/><span class=\"wpcf7-list-item-label\">ei<\/span><\/span><\/span><\/span>\n<\/p>\n<p><label>Kommentaarid<br \/>\n<span class=\"wpcf7-form-control-wrap\" data-name=\"textarea-698\"><textarea cols=\"40\" rows=\"10\" maxlength=\"2000\" class=\"wpcf7-form-control wpcf7-textarea\" aria-invalid=\"false\" name=\"textarea-698\"><\/textarea><\/span><\/label>\n<\/p>\n<p><input class=\"wpcf7-form-control wpcf7-submit has-spinner\" type=\"submit\" value=\"Saata\" \/>\n<\/p><p style=\"display: none !important;\" class=\"akismet-fields-container\" data-prefix=\"_wpcf7_ak_\"><label>&#916;<textarea name=\"_wpcf7_ak_hp_textarea\" cols=\"45\" rows=\"8\" maxlength=\"100\"><\/textarea><\/label><input type=\"hidden\" id=\"ak_js_1\" name=\"_wpcf7_ak_js\" value=\"245\"\/><script>document.getElementById( \"ak_js_1\" ).setAttribute( \"value\", ( new Date() ).getTime() );<\/script><\/p><div class=\"wpcf7-response-output\" aria-hidden=\"true\"><\/div>\n<\/form>\n<\/div>\n<\/p>","protected":false},"excerpt":{"rendered":"<p>Lgp. perearstikeskuse k\u00fclastaja! Perearstikeskuse t\u00f6\u00f6tajate eesm\u00e4rk on pakkuda teile v\u00f5imalikult head arstiabi ja teenindust. Teie arvamus on meile v\u00e4ga oluline! Palume Teilt tagasisidet nii selle kohta, millega olete rahul kui ka selle kohta, mida saaksime parandada. Tagasiside andmiseks palun t\u00e4itke allj\u00e4rgnev ankeet<\/p>\n","protected":false},"author":1,"featured_media":0,"parent":0,"menu_order":0,"comment_status":"closed","ping_status":"closed","template":"","meta":{"footnotes":""},"class_list":["post-15","page","type-page","status-publish","hentry"],"_links":{"self":[{"href":"https:\/\/jazepovapak.ee\/et\/wp-json\/wp\/v2\/pages\/15","targetHints":{"allow":["GET"]}}],"collection":[{"href":"https:\/\/jazepovapak.ee\/et\/wp-json\/wp\/v2\/pages"}],"about":[{"href":"https:\/\/jazepovapak.ee\/et\/wp-json\/wp\/v2\/types\/page"}],"author":[{"embeddable":true,"href":"https:\/\/jazepovapak.ee\/et\/wp-json\/wp\/v2\/users\/1"}],"replies":[{"embeddable":true,"href":"https:\/\/jazepovapak.ee\/et\/wp-json\/wp\/v2\/comments?post=15"}],"version-history":[{"count":15,"href":"https:\/\/jazepovapak.ee\/et\/wp-json\/wp\/v2\/pages\/15\/revisions"}],"predecessor-version":[{"id":327,"href":"https:\/\/jazepovapak.ee\/et\/wp-json\/wp\/v2\/pages\/15\/revisions\/327"}],"wp:attachment":[{"href":"https:\/\/jazepovapak.ee\/et\/wp-json\/wp\/v2\/media?parent=15"}],"curies":[{"name":"wp","href":"https:\/\/api.w.org\/{rel}","templated":true}]}}