{"id":13,"date":"2016-12-01T13:36:10","date_gmt":"2016-12-01T10:36:10","guid":{"rendered":"https:\/\/jazepovapak.ee\/?page_id=13"},"modified":"2025-12-02T18:10:17","modified_gmt":"2025-12-02T16:10:17","slug":"kodukord","status":"publish","type":"page","link":"https:\/\/jazepovapak.ee\/et\/kodukord\/","title":{"rendered":"Kodukord"},"content":{"rendered":"<p>\u00c4geda haigusega patsiendid suunatakse esmalt alati pere\u00f5e vastuv\u00f5tule. K\u00f5ikide meie t\u00f6\u00f6tajate nimekiri on meie interneti kodulehek\u00fcljel ning ooteruumis asuval stendil. Registratuur on avatud t\u00f6\u00f6p\u00e4eviti kell 8.00 \u2013 18.00.<br \/>\nTelefon 6014709, e-post: info@jazepovapak.ee<br \/>\n<strong>Perearsti ja pere\u00f5e vastuv\u00f5tt<\/strong><br \/>\nPerearsti v\u00f5i pere\u00f5e vastuv\u00f5tule on vajalik etteregistreerimine: tel.6014709.Registreerimisel k\u00fcsitatakse patsiendi isikukoodi ja vastuv\u00f5tule p\u00f6\u00f6rdumise P\u00d5HJUST (haigestumine; t\u00f5endi v\u00f5i dokumendi v\u00e4ljastamine; retsepti pikendamine vm) .<br \/>\nJuhul, kui Te ei saa kokkulepitud vastuv\u00f5tule ilmuda, palume sellest koheselt teatada. Nii saame vabanenud aja pakkuda j\u00e4rgmisele abivajajale.<\/p>\n<p><strong>Kordusretseptid<\/strong><br \/>\nKordusretsepte saab tellida tel. 6014709 v\u00f5i e-mailil info@jazepovapak.ee. Kordusretseptid on ravimid,mida arst on patsiendile v\u00e4lja kirjutanud ja mida patsient tarvitab pidevalt.<\/p>\n<p><strong>Kooli puudumist\u00f5end<\/strong><br \/>\nKooli puudumist\u00f5endite v\u00e4ljastamisel perearstidel kohustust ei ole.<br \/>\nPuudumist\u00f5endid kirjutab lapsevanem v\u00f5i hooldaja.<\/p>\n<p><strong>Eriarstile suunamine<\/strong><br \/>\nSaatekirju v\u00e4ljastab arst ja selleks on alati vajalik arsti vastuv\u00f5tule registreerumine isegi.<br \/>\nIlma perearsti saatekirjata v\u00f5ib p\u00f6\u00f6rduda j\u00e4rgmiste erialade spetsialisti vastuv\u00f5tule: hambaarst, silmaarst, ps\u00fchhiaater, naha- ja suguhaiguste arst, naistearst, meestearst, ftisiaater ning v\u00e4rskete traumade korral traumatoloog. Teiste erialade arstide vastuv\u00f5tule on v\u00f5imalik ilma saatekirjata omal initsiatiivil registreeruda tasulisele vastuv\u00f5tule.<\/p>","protected":false},"excerpt":{"rendered":"<p>\u00c4geda haigusega patsiendid suunatakse esmalt alati pere\u00f5e vastuv\u00f5tule. K\u00f5ikide meie t\u00f6\u00f6tajate nimekiri on meie interneti kodulehek\u00fcljel ning ooteruumis asuval stendil. Registratuur on avatud t\u00f6\u00f6p\u00e4eviti kell 8.00 \u2013 18.00. Telefon 6014709, e-post: info@jazepovapak.ee Perearsti ja pere\u00f5e vastuv\u00f5tt Perearsti v\u00f5i pere\u00f5e vastuv\u00f5tule on vajalik etteregistreerimine: tel.6014709.Registreerimisel k\u00fcsitatakse patsiendi isikukoodi ja vastuv\u00f5tule p\u00f6\u00f6rdumise P\u00d5HJUST (haigestumine; t\u00f5endi v\u00f5i dokumendi [&hellip;]<\/p>\n","protected":false},"author":1,"featured_media":0,"parent":0,"menu_order":0,"comment_status":"closed","ping_status":"closed","template":"","meta":{"footnotes":""},"class_list":["post-13","page","type-page","status-publish","hentry"],"_links":{"self":[{"href":"https:\/\/jazepovapak.ee\/et\/wp-json\/wp\/v2\/pages\/13","targetHints":{"allow":["GET"]}}],"collection":[{"href":"https:\/\/jazepovapak.ee\/et\/wp-json\/wp\/v2\/pages"}],"about":[{"href":"https:\/\/jazepovapak.ee\/et\/wp-json\/wp\/v2\/types\/page"}],"author":[{"embeddable":true,"href":"https:\/\/jazepovapak.ee\/et\/wp-json\/wp\/v2\/users\/1"}],"replies":[{"embeddable":true,"href":"https:\/\/jazepovapak.ee\/et\/wp-json\/wp\/v2\/comments?post=13"}],"version-history":[{"count":23,"href":"https:\/\/jazepovapak.ee\/et\/wp-json\/wp\/v2\/pages\/13\/revisions"}],"predecessor-version":[{"id":688,"href":"https:\/\/jazepovapak.ee\/et\/wp-json\/wp\/v2\/pages\/13\/revisions\/688"}],"wp:attachment":[{"href":"https:\/\/jazepovapak.ee\/et\/wp-json\/wp\/v2\/media?parent=13"}],"curies":[{"name":"wp","href":"https:\/\/api.w.org\/{rel}","templated":true}]}}